{"id":925,"date":"2021-05-16T18:37:21","date_gmt":"2021-05-16T16:37:21","guid":{"rendered":"https:\/\/sklep.skoral.com\/?post_type=product&#038;p=925"},"modified":"2024-08-14T12:10:48","modified_gmt":"2024-08-14T10:10:48","slug":"ramoneska-skorzana-damska-czarna-smith","status":"publish","type":"product","link":"https:\/\/sklep.skoral.com\/fr\/produkt\/ramoneska-skorzana-damska-czarna-smith\/","title":{"rendered":"Ramoneska sk\u00f3rzana damska, czarna &#8211; Smith"},"content":{"rendered":"<p><span style=\"font-weight: 400;\">Czarna ramoneska damska to kurtka sk\u00f3rzana, kt\u00f3ra jest kolejn\u0105 interesuj\u0105c\u0105 pozycj\u0105 dla kobiet ceni\u0105cych sobie ponadczasowo\u015b\u0107. Fason Smith to tradycyjny fason damskiej kurtki sk\u00f3rzanej &#8211; ramoneski z kilkoma zmianami. Na ramionach umie\u015bcili\u015bmy modne przeszycia, kt\u00f3re dodaje kurtce nowego charakteru. Sk\u00f3ra. z kt\u00f3rej wykonana jest ta pi\u0119kna sk\u00f3rzana ramoneska to w\u0142oska sk\u00f3ra licowa &#8211; bardzo mi\u0119kka, \u015bwietna w noszeniu.<\/span><\/p>\n<h2>Ramoneska sk\u00f3rzana damska z w\u0142oskiej sk\u00f3ry licowej<\/h2>\n<p><span style=\"font-weight: 400;\">Kurtka damska Smith jest precyzyjnie uszyta i bardzo dobrze przylega do cia\u0142a. Delikatne szwy optycznie wyszczuplaj\u0105 tali\u0119.\u00a0 Zach\u0119camy do kontaktu z nami i uszycia tej kurtki na miar\u0119 &#8211; pozwoli to upewni\u0107 si\u0119, \u017ce fason b\u0119dzie idealnie pasowa\u0142 na Twoj\u0105 figur\u0119.<\/span><\/p>\n<p><span style=\"font-weight: 400;\">A mo\u017ce chcia\u0142aby\u015b zmieni\u0107 kolor dodatk\u00f3w, zamk\u00f3w lub zmieni\u0107 ca\u0142kowicie niekt\u00f3re elementy fasonu? Skontaktuj si\u0119 z nami <a href=\"https:\/\/sklep.skoral.com\/kontakt\/\">telefonicznie lub mailowo<\/a>, a doradzimy Ci wyb\u00f3r sk\u00f3ry i koloru, pomo\u017cemy pobra\u0107 wymiar i ustalimy szczeg\u00f3\u0142y zam\u00f3wienia.<\/span><\/p>\n","protected":false},"excerpt":{"rendered":"<p>Modna damska czarna ramoneska sk\u00f3rzana, modelu Smith, wykonana z mi\u0119kkiej sk\u00f3ry licowej w\u0142oskiej<\/p>\n","protected":false},"featured_media":932,"template":"","meta":{"_monsterinsights_skip_tracking":false,"_monsterinsights_sitenote_active":false,"_monsterinsights_sitenote_note":"","_monsterinsights_sitenote_category":0},"product_brand":[],"product_cat":[90,16],"product_tag":[41,40,24],"class_list":{"0":"post-925","1":"product","2":"type-product","3":"status-publish","4":"has-post-thumbnail","6":"product_cat-ramoneski-skorzane-damskie","7":"product_cat-kurtka-skorzana-damska","8":"product_tag-klasyk","9":"product_tag-na-motor","10":"product_tag-ramoneska","12":"first","13":"instock","14":"taxable","15":"shipping-taxable","16":"purchasable","17":"product-type-variable"},"yoast_head":"<!-- This site is optimized with the Yoast SEO plugin v27.6 - https:\/\/yoast.com\/product\/yoast-seo-wordpress\/ -->\n<title>Ramoneska sk\u00f3rzana damska, czarna - Smith - Pracownia Sk\u00f3ral<\/title>\n<meta name=\"description\" content=\"Czarna ramoneska sk\u00f3rzana damska Smith - oryginalny, wysoka jako\u015b\u0107 wykonania - sk\u00f3ra prawdziwa naturalna - Producent Sk\u00f3ral\" \/>\n<meta name=\"robots\" content=\"index, follow, max-snippet:-1, max-image-preview:large, max-video-preview:-1\" \/>\n<link rel=\"canonical\" href=\"https:\/\/sklep.skoral.com\/fr\/produkt\/ramoneska-skorzana-damska-czarna-smith\/\" \/>\n<meta property=\"og:locale\" content=\"fr_FR\" \/>\n<meta property=\"og:type\" content=\"article\" \/>\n<meta property=\"og:title\" content=\"Ramoneska sk\u00f3rzana damska, czarna - Smith - Pracownia Sk\u00f3ral\" \/>\n<meta property=\"og:description\" content=\"Czarna ramoneska sk\u00f3rzana damska Smith - oryginalny, wysoka jako\u015b\u0107 wykonania - sk\u00f3ra prawdziwa naturalna - Producent Sk\u00f3ral\" \/>\n<meta property=\"og:url\" content=\"https:\/\/sklep.skoral.com\/fr\/produkt\/ramoneska-skorzana-damska-czarna-smith\/\" \/>\n<meta property=\"og:site_name\" content=\"Pracownia Sk\u00f3ral\" \/>\n<meta property=\"article:publisher\" content=\"https:\/\/www.facebook.com\/SkoralNaturalLeather\" \/>\n<meta property=\"article:modified_time\" content=\"2024-08-14T10:10:48+00:00\" \/>\n<meta property=\"og:image\" content=\"https:\/\/sklep.skoral.com\/wp-content\/uploads\/2021\/05\/skorzana-ramoneska-damska-ze-spodniami-smith.jpg\" \/>\n\t<meta property=\"og:image:width\" content=\"1738\" \/>\n\t<meta property=\"og:image:height\" content=\"2560\" \/>\n\t<meta property=\"og:image:type\" content=\"image\/jpeg\" \/>\n<meta name=\"twitter:card\" content=\"summary_large_image\" \/>\n<meta name=\"twitter:label1\" content=\"Dur\u00e9e de lecture estim\u00e9e\" \/>\n\t<meta name=\"twitter:data1\" content=\"1 minute\" \/>\n<script type=\"application\/ld+json\" class=\"yoast-schema-graph\">{\"@context\":\"https:\\\/\\\/schema.org\",\"@graph\":[{\"@type\":[\"WebPage\",\"ItemPage\"],\"@id\":\"https:\\\/\\\/sklep.skoral.com\\\/fr\\\/produkt\\\/ramoneska-skorzana-damska-czarna-smith\\\/\",\"url\":\"https:\\\/\\\/sklep.skoral.com\\\/fr\\\/produkt\\\/ramoneska-skorzana-damska-czarna-smith\\\/\",\"name\":\"Ramoneska sk\u00f3rzana damska, czarna - Smith - Pracownia Sk\u00f3ral\",\"isPartOf\":{\"@id\":\"https:\\\/\\\/sklep.skoral.com\\\/fr\\\/#website\"},\"primaryImageOfPage\":{\"@id\":\"https:\\\/\\\/sklep.skoral.com\\\/fr\\\/produkt\\\/ramoneska-skorzana-damska-czarna-smith\\\/#primaryimage\"},\"image\":{\"@id\":\"https:\\\/\\\/sklep.skoral.com\\\/fr\\\/produkt\\\/ramoneska-skorzana-damska-czarna-smith\\\/#primaryimage\"},\"thumbnailUrl\":\"https:\\\/\\\/sklep.skoral.com\\\/wp-content\\\/uploads\\\/2021\\\/05\\\/skorzana-ramoneska-damska-ze-spodniami-smith.jpg\",\"datePublished\":\"2021-05-16T16:37:21+00:00\",\"dateModified\":\"2024-08-14T10:10:48+00:00\",\"description\":\"Czarna ramoneska sk\u00f3rzana damska Smith - oryginalny, wysoka jako\u015b\u0107 wykonania - sk\u00f3ra prawdziwa naturalna - Producent Sk\u00f3ral\",\"breadcrumb\":{\"@id\":\"https:\\\/\\\/sklep.skoral.com\\\/fr\\\/produkt\\\/ramoneska-skorzana-damska-czarna-smith\\\/#breadcrumb\"},\"inLanguage\":\"fr-FR\",\"potentialAction\":[{\"@type\":\"ReadAction\",\"target\":[\"https:\\\/\\\/sklep.skoral.com\\\/fr\\\/produkt\\\/ramoneska-skorzana-damska-czarna-smith\\\/\"]}]},{\"@type\":\"ImageObject\",\"inLanguage\":\"fr-FR\",\"@id\":\"https:\\\/\\\/sklep.skoral.com\\\/fr\\\/produkt\\\/ramoneska-skorzana-damska-czarna-smith\\\/#primaryimage\",\"url\":\"https:\\\/\\\/sklep.skoral.com\\\/wp-content\\\/uploads\\\/2021\\\/05\\\/skorzana-ramoneska-damska-ze-spodniami-smith.jpg\",\"contentUrl\":\"https:\\\/\\\/sklep.skoral.com\\\/wp-content\\\/uploads\\\/2021\\\/05\\\/skorzana-ramoneska-damska-ze-spodniami-smith.jpg\",\"width\":1738,\"height\":2560,\"caption\":\"Sk\u00f3rzana ramoneska damska Smith - firmy Sk\u00f3ral - profil\"},{\"@type\":\"BreadcrumbList\",\"@id\":\"https:\\\/\\\/sklep.skoral.com\\\/fr\\\/produkt\\\/ramoneska-skorzana-damska-czarna-smith\\\/#breadcrumb\",\"itemListElement\":[{\"@type\":\"ListItem\",\"position\":1,\"name\":\"Strona g\u0142\u00f3wna\",\"item\":\"https:\\\/\\\/sklep.skoral.com\\\/fr\\\/accueil\\\/\"},{\"@type\":\"ListItem\",\"position\":2,\"name\":\"Boutique\",\"item\":\"https:\\\/\\\/sklep.skoral.com\\\/fr\\\/boutique\\\/\"},{\"@type\":\"ListItem\",\"position\":3,\"name\":\"Ramoneska sk\u00f3rzana damska, czarna &#8211; Smith\"}]},{\"@type\":\"WebSite\",\"@id\":\"https:\\\/\\\/sklep.skoral.com\\\/fr\\\/#website\",\"url\":\"https:\\\/\\\/sklep.skoral.com\\\/fr\\\/\",\"name\":\"Pracownia Sk\u00f3ral\",\"description\":\"Sklep z odzie\u017c\u0105\u00a0sk\u00f3rzan\u0105 i akcesoriami ze sk\u00f3ry naturalnej\",\"publisher\":{\"@id\":\"https:\\\/\\\/sklep.skoral.com\\\/fr\\\/#organization\"},\"potentialAction\":[{\"@type\":\"SearchAction\",\"target\":{\"@type\":\"EntryPoint\",\"urlTemplate\":\"https:\\\/\\\/sklep.skoral.com\\\/fr\\\/?s={search_term_string}\"},\"query-input\":{\"@type\":\"PropertyValueSpecification\",\"valueRequired\":true,\"valueName\":\"search_term_string\"}}],\"inLanguage\":\"fr-FR\"},{\"@type\":\"Organization\",\"@id\":\"https:\\\/\\\/sklep.skoral.com\\\/fr\\\/#organization\",\"name\":\"Sk\u00f3ral - Pracownia odzie\u017cy i akcesori\u00f3w sk\u00f3rzanych\",\"url\":\"https:\\\/\\\/sklep.skoral.com\\\/fr\\\/\",\"logo\":{\"@type\":\"ImageObject\",\"inLanguage\":\"fr-FR\",\"@id\":\"https:\\\/\\\/sklep.skoral.com\\\/fr\\\/#\\\/schema\\\/logo\\\/image\\\/\",\"url\":\"https:\\\/\\\/sklep.skoral.com\\\/wp-content\\\/uploads\\\/2020\\\/09\\\/cropped-logo-duze.png\",\"contentUrl\":\"https:\\\/\\\/sklep.skoral.com\\\/wp-content\\\/uploads\\\/2020\\\/09\\\/cropped-logo-duze.png\",\"width\":1200,\"height\":293,\"caption\":\"Sk\u00f3ral - Pracownia odzie\u017cy i akcesori\u00f3w sk\u00f3rzanych\"},\"image\":{\"@id\":\"https:\\\/\\\/sklep.skoral.com\\\/fr\\\/#\\\/schema\\\/logo\\\/image\\\/\"},\"sameAs\":[\"https:\\\/\\\/www.facebook.com\\\/SkoralNaturalLeather\",\"https:\\\/\\\/www.instagram.com\\\/skoraldesign\\\/\",\"https:\\\/\\\/www.youtube.com\\\/channel\\\/UCijmecsRU9TpML5jIEBsWTw\"]}]}<\/script>\n<!-- \/ Yoast SEO plugin. -->","yoast_head_json":{"title":"Ramoneska sk\u00f3rzana damska, czarna - Smith - Pracownia Sk\u00f3ral","description":"Czarna ramoneska sk\u00f3rzana damska Smith - oryginalny, wysoka jako\u015b\u0107 wykonania - sk\u00f3ra prawdziwa naturalna - Producent Sk\u00f3ral","robots":{"index":"index","follow":"follow","max-snippet":"max-snippet:-1","max-image-preview":"max-image-preview:large","max-video-preview":"max-video-preview:-1"},"canonical":"https:\/\/sklep.skoral.com\/fr\/produkt\/ramoneska-skorzana-damska-czarna-smith\/","og_locale":"fr_FR","og_type":"article","og_title":"Ramoneska sk\u00f3rzana damska, czarna - Smith - Pracownia Sk\u00f3ral","og_description":"Czarna ramoneska sk\u00f3rzana damska Smith - oryginalny, wysoka jako\u015b\u0107 wykonania - sk\u00f3ra prawdziwa naturalna - Producent Sk\u00f3ral","og_url":"https:\/\/sklep.skoral.com\/fr\/produkt\/ramoneska-skorzana-damska-czarna-smith\/","og_site_name":"Pracownia Sk\u00f3ral","article_publisher":"https:\/\/www.facebook.com\/SkoralNaturalLeather","article_modified_time":"2024-08-14T10:10:48+00:00","og_image":[{"width":1738,"height":2560,"url":"https:\/\/sklep.skoral.com\/wp-content\/uploads\/2021\/05\/skorzana-ramoneska-damska-ze-spodniami-smith.jpg","type":"image\/jpeg"}],"twitter_card":"summary_large_image","twitter_misc":{"Dur\u00e9e de lecture estim\u00e9e":"1 minute"},"schema":{"@context":"https:\/\/schema.org","@graph":[{"@type":["WebPage","ItemPage"],"@id":"https:\/\/sklep.skoral.com\/fr\/produkt\/ramoneska-skorzana-damska-czarna-smith\/","url":"https:\/\/sklep.skoral.com\/fr\/produkt\/ramoneska-skorzana-damska-czarna-smith\/","name":"Ramoneska sk\u00f3rzana damska, czarna - Smith - Pracownia Sk\u00f3ral","isPartOf":{"@id":"https:\/\/sklep.skoral.com\/fr\/#website"},"primaryImageOfPage":{"@id":"https:\/\/sklep.skoral.com\/fr\/produkt\/ramoneska-skorzana-damska-czarna-smith\/#primaryimage"},"image":{"@id":"https:\/\/sklep.skoral.com\/fr\/produkt\/ramoneska-skorzana-damska-czarna-smith\/#primaryimage"},"thumbnailUrl":"https:\/\/sklep.skoral.com\/wp-content\/uploads\/2021\/05\/skorzana-ramoneska-damska-ze-spodniami-smith.jpg","datePublished":"2021-05-16T16:37:21+00:00","dateModified":"2024-08-14T10:10:48+00:00","description":"Czarna ramoneska sk\u00f3rzana damska Smith - oryginalny, wysoka jako\u015b\u0107 wykonania - sk\u00f3ra prawdziwa naturalna - Producent Sk\u00f3ral","breadcrumb":{"@id":"https:\/\/sklep.skoral.com\/fr\/produkt\/ramoneska-skorzana-damska-czarna-smith\/#breadcrumb"},"inLanguage":"fr-FR","potentialAction":[{"@type":"ReadAction","target":["https:\/\/sklep.skoral.com\/fr\/produkt\/ramoneska-skorzana-damska-czarna-smith\/"]}]},{"@type":"ImageObject","inLanguage":"fr-FR","@id":"https:\/\/sklep.skoral.com\/fr\/produkt\/ramoneska-skorzana-damska-czarna-smith\/#primaryimage","url":"https:\/\/sklep.skoral.com\/wp-content\/uploads\/2021\/05\/skorzana-ramoneska-damska-ze-spodniami-smith.jpg","contentUrl":"https:\/\/sklep.skoral.com\/wp-content\/uploads\/2021\/05\/skorzana-ramoneska-damska-ze-spodniami-smith.jpg","width":1738,"height":2560,"caption":"Sk\u00f3rzana ramoneska damska Smith - firmy Sk\u00f3ral - profil"},{"@type":"BreadcrumbList","@id":"https:\/\/sklep.skoral.com\/fr\/produkt\/ramoneska-skorzana-damska-czarna-smith\/#breadcrumb","itemListElement":[{"@type":"ListItem","position":1,"name":"Strona g\u0142\u00f3wna","item":"https:\/\/sklep.skoral.com\/fr\/accueil\/"},{"@type":"ListItem","position":2,"name":"Boutique","item":"https:\/\/sklep.skoral.com\/fr\/boutique\/"},{"@type":"ListItem","position":3,"name":"Ramoneska sk\u00f3rzana damska, czarna &#8211; Smith"}]},{"@type":"WebSite","@id":"https:\/\/sklep.skoral.com\/fr\/#website","url":"https:\/\/sklep.skoral.com\/fr\/","name":"Pracownia Sk\u00f3ral","description":"Sklep z odzie\u017c\u0105\u00a0sk\u00f3rzan\u0105 i akcesoriami ze sk\u00f3ry naturalnej","publisher":{"@id":"https:\/\/sklep.skoral.com\/fr\/#organization"},"potentialAction":[{"@type":"SearchAction","target":{"@type":"EntryPoint","urlTemplate":"https:\/\/sklep.skoral.com\/fr\/?s={search_term_string}"},"query-input":{"@type":"PropertyValueSpecification","valueRequired":true,"valueName":"search_term_string"}}],"inLanguage":"fr-FR"},{"@type":"Organization","@id":"https:\/\/sklep.skoral.com\/fr\/#organization","name":"Sk\u00f3ral - Pracownia odzie\u017cy i akcesori\u00f3w sk\u00f3rzanych","url":"https:\/\/sklep.skoral.com\/fr\/","logo":{"@type":"ImageObject","inLanguage":"fr-FR","@id":"https:\/\/sklep.skoral.com\/fr\/#\/schema\/logo\/image\/","url":"https:\/\/sklep.skoral.com\/wp-content\/uploads\/2020\/09\/cropped-logo-duze.png","contentUrl":"https:\/\/sklep.skoral.com\/wp-content\/uploads\/2020\/09\/cropped-logo-duze.png","width":1200,"height":293,"caption":"Sk\u00f3ral - Pracownia odzie\u017cy i akcesori\u00f3w sk\u00f3rzanych"},"image":{"@id":"https:\/\/sklep.skoral.com\/fr\/#\/schema\/logo\/image\/"},"sameAs":["https:\/\/www.facebook.com\/SkoralNaturalLeather","https:\/\/www.instagram.com\/skoraldesign\/","https:\/\/www.youtube.com\/channel\/UCijmecsRU9TpML5jIEBsWTw"]}]}},"jetpack_sharing_enabled":true,"_links":{"self":[{"href":"https:\/\/sklep.skoral.com\/fr\/wp-json\/wp\/v2\/product\/925","targetHints":{"allow":["GET"]}}],"collection":[{"href":"https:\/\/sklep.skoral.com\/fr\/wp-json\/wp\/v2\/product"}],"about":[{"href":"https:\/\/sklep.skoral.com\/fr\/wp-json\/wp\/v2\/types\/product"}],"wp:featuredmedia":[{"embeddable":true,"href":"https:\/\/sklep.skoral.com\/fr\/wp-json\/wp\/v2\/media\/932"}],"wp:attachment":[{"href":"https:\/\/sklep.skoral.com\/fr\/wp-json\/wp\/v2\/media?parent=925"}],"wp:term":[{"taxonomy":"product_brand","embeddable":true,"href":"https:\/\/sklep.skoral.com\/fr\/wp-json\/wp\/v2\/product_brand?post=925"},{"taxonomy":"product_cat","embeddable":true,"href":"https:\/\/sklep.skoral.com\/fr\/wp-json\/wp\/v2\/product_cat?post=925"},{"taxonomy":"product_tag","embeddable":true,"href":"https:\/\/sklep.skoral.com\/fr\/wp-json\/wp\/v2\/product_tag?post=925"}],"curies":[{"name":"wp","href":"https:\/\/api.w.org\/{rel}","templated":true}]}}